{"id":9,"date":"2024-01-21T22:28:39","date_gmt":"2024-01-21T21:28:39","guid":{"rendered":"https:\/\/journal.saplf.net\/?page_id=9"},"modified":"2024-01-22T11:29:46","modified_gmt":"2024-01-22T10:29:46","slug":"a-propos","status":"publish","type":"page","link":"https:\/\/journal.saplf.net\/index.php\/a-propos\/","title":{"rendered":"A Propos"},"content":{"rendered":"\n<p>La revue de Pneumologie Tropicale (<em>Rev Pneumol Trop<\/em>) est le journal officiel  de la Soci\u00e9t\u00e9 Africaine de Pneumologie de Langue Fran\u00e7aise ( SAPLF). Ce journal est de parution semestrielle et publie des articles originaux, des \u00e9ditoriaux, des revues g\u00e9n\u00e9rales et mises au point, des cas cliniques, des lettres \u00e0 l\u2019\u00e9diteur, des comptes rendus de soci\u00e9t\u00e9 savante, des analyses de livre et des recommandations pratiques dans le champ des maladies respiratoires et de la tuberculose.<\/p>\n\n\n\n<p><strong>ISSN:<\/strong> 2710-1428<\/p>\n\n\n\n<p><strong>COMITE EDITORIAL<\/strong><\/p>\n\n\n\n<p><strong>DIRECTEUR DE PUBLICATION<\/strong><\/p>\n\n\n\n<p>Prof. PEFURA YONE Eric Walter (Cameroun)<\/p>\n\n\n\n<p><br><strong>COMITE DE REDACTION<\/strong><br><strong>R\u00e9dacteur en chef :<\/strong><br>ADAMBOUNOU St\u00e9phane (Togo)<br><strong>R\u00e9dacteur adjoint :<\/strong><br>KASHONGWE Innocent (RD Congo)<\/p>\n\n\n\n<p><br><strong>COMITE SCIENTIFIQUE ET DE LECTURE<\/strong><br>ACHI V. (C\u00f4te d\u2019Ivoire)<br>ADAMBOUNOU T. A. S. (Togo)<br>ADE S. S. (B\u00e9nin)<br>ADJOH K. S. (Togo)<br>AHUI B. J-M. (C\u00f4te d\u2019Ivoire)<br>AGODOKPESSI G. (B\u00e9nin)<br>BADOUM G. (Burkina Faso)<br>BAKAYOKO A. S. (C\u00f4te d\u2019Ivoire)<br>BEMBA L. E. P. (Congo)<br>BOGUIKOUMA J-B. (Gabon)<br>BROU G. (C\u00f4te d\u2019Ivoire)<br>DAIX T. (C\u00f4te d\u2019Ivoire)<br>DIA Y. (S\u00e9n\u00e9gal)<br>DIALLO B. D. (Guin\u00e9e)<br>GAGARA MADOUGOU I. (Niger)<br>HORO K. (C\u00f4te d\u2019Ivoire)<br>KABENGELE B. (RDC)<br>KASHONGWE I. (RDC)<br>KOMBILA (Gabon)<br>KONE Z. (C\u00f4te d\u2019Ivoire)<br>KOUASSI B. A. (C\u00f4te d\u2019Ivoire)<br>MBATCHOU B. H. (Cameroun)<br>NIANG A. (S\u00e9n\u00e9gal)<br>OKEMBA OKOMBI F. H. (Congo)<br>OUATTARA K. (Mali)<br>OUEDRAOGO G. (Burkina Faso)<br>OUEDRAOGO M. (Burkina Faso)<br>PEFURA YONE E. W. (Cameroun)<br>SANOGO-N\u2019DHATZ M. (C\u00f4te<br>d\u2019Ivoire)<br>TOLOBA Y. (Mali)<br>TOURE N. (S\u00e9n\u00e9gal)<br>WACHINOU A. P. (B\u00e9nin)<\/p>\n","protected":false},"excerpt":{"rendered":"<p>La revue de Pneumologie Tropicale (Rev Pneumol Trop) est le journal officiel de la Soci\u00e9t\u00e9 Africaine de Pneumologie de Langue Fran\u00e7aise ( SAPLF). Ce journal est de parution semestrielle et publie des articles originaux, des \u00e9ditoriaux, des revues g\u00e9n\u00e9rales et mises au point, des cas cliniques, des lettres \u00e0 l\u2019\u00e9diteur, des comptes rendus de soci\u00e9t\u00e9&#8230;<\/p>\n","protected":false},"author":1,"featured_media":0,"parent":0,"menu_order":0,"comment_status":"closed","ping_status":"closed","template":"","meta":{"_kad_post_transparent":"","_kad_post_title":"","_kad_post_layout":"","_kad_post_sidebar_id":"","_kad_post_content_style":"","_kad_post_vertical_padding":"","_kad_post_feature":"","_kad_post_feature_position":"","_kad_post_header":false,"_kad_post_footer":false,"footnotes":""},"_links":{"self":[{"href":"https:\/\/journal.saplf.net\/index.php\/wp-json\/wp\/v2\/pages\/9"}],"collection":[{"href":"https:\/\/journal.saplf.net\/index.php\/wp-json\/wp\/v2\/pages"}],"about":[{"href":"https:\/\/journal.saplf.net\/index.php\/wp-json\/wp\/v2\/types\/page"}],"author":[{"embeddable":true,"href":"https:\/\/journal.saplf.net\/index.php\/wp-json\/wp\/v2\/users\/1"}],"replies":[{"embeddable":true,"href":"https:\/\/journal.saplf.net\/index.php\/wp-json\/wp\/v2\/comments?post=9"}],"version-history":[{"count":3,"href":"https:\/\/journal.saplf.net\/index.php\/wp-json\/wp\/v2\/pages\/9\/revisions"}],"predecessor-version":[{"id":76,"href":"https:\/\/journal.saplf.net\/index.php\/wp-json\/wp\/v2\/pages\/9\/revisions\/76"}],"wp:attachment":[{"href":"https:\/\/journal.saplf.net\/index.php\/wp-json\/wp\/v2\/media?parent=9"}],"curies":[{"name":"wp","href":"https:\/\/api.w.org\/{rel}","templated":true}]}}