{"id":13,"date":"2024-01-21T22:30:39","date_gmt":"2024-01-21T21:30:39","guid":{"rendered":"https:\/\/journal.saplf.net\/?page_id=13"},"modified":"2024-01-22T15:34:25","modified_gmt":"2024-01-22T14:34:25","slug":"soumission-des-manuscrits","status":"publish","type":"page","link":"https:\/\/journal.saplf.net\/index.php\/soumission-des-manuscrits\/","title":{"rendered":"Soumission des manuscrits"},"content":{"rendered":"\n<p><\/p>\n\n\n<div class=\"forminator-ui forminator-custom-form forminator-custom-form-86 forminator-design--default  forminator_ajax\" data-forminator-render=\"0\" data-form=\"forminator-module-86\" data-uid=\"69fa30f463063\"><br\/><\/div><form\n\t\t\t\tid=\"forminator-module-86\"\n\t\t\t\tclass=\"forminator-ui forminator-custom-form forminator-custom-form-86 forminator-design--default  forminator_ajax\"\n\t\t\t\tmethod=\"post\"\n\t\t\t\tdata-forminator-render=\"0\"\n\t\t\t\tdata-form-id=\"86\"\n\t\t\t\t\n\t\t\t\tdata-design=\"default\"\n\t\t\t\t\n\t\t\t\t\n\t\t\t\t\n\t\t\t\tdata-grid=\"open\"\n\t\t\t\tenctype=\"multipart\/form-data\"\n\t\t\t\t\n\t\t\t\tstyle=\"display: none;\"\n\t\t\t\t\n\t\t\t\tdata-uid=\"69fa30f463063\"\n\t\t\t><div role=\"alert\" aria-live=\"polite\" class=\"forminator-response-message forminator-error\" aria-hidden=\"true\"><\/div><div class=\"forminator-row\"><div id=\"name-1\" class=\"forminator-field-name forminator-col forminator-col-12 \"><div class=\"forminator-row forminator-no-margin\" data-multiple=\"true\"><div class=\"forminator-col forminator-col-md-6\"><div class=\"forminator-field\"><label for=\"forminator-form-86__field--name-1_69fa30f463063\" id=\"forminator-form-86__field--name-1_69fa30f463063-label\" class=\"forminator-label\">Pr\u00e9fixe<\/label><select name=\"name-1-prefix\" id=\"forminator-form-86__field--name-1_69fa30f463063\" class=\"forminator-select2\" data-multi=\"1\" aria-labelledby=\"forminator-form-86__field--name-1_69fa30f463063-label\" data-default-value=\"\"><option value=\"Mr\" >M.<\/option><option value=\"Mrs\" >Mme<\/option><option value=\"Ms\" >Mme<\/option><option value=\"Mx\" >Mx<\/option><option value=\"Miss\" >Mlle<\/option><option value=\"Dr\" >Dr.<\/option><option value=\"Prof\" >Prof.<\/option><\/select><\/div><\/div><div class=\"forminator-col forminator-col-md-6\"><div class=\"forminator-field\"><label for=\"forminator-field-first-name-1_69fa30f463063\" class=\"forminator-label\" id=\"forminator-field-first-name-1_69fa30f463063-label\">Pr\u00e9nom <span class=\"forminator-required\">*<\/span><\/label><input type=\"text\" name=\"name-1-first-name\" placeholder=\"Par exemple\u00a0: Jean\" id=\"forminator-field-first-name-1_69fa30f463063\" class=\"forminator-input\" aria-required=\"true\" data-multi=\"1\" value=\"\" \/><\/div><\/div><div class=\"forminator-col forminator-col-md-6\"><div class=\"forminator-field\"><label for=\"forminator-field-middle-name-1_69fa30f463063\" class=\"forminator-label\" id=\"forminator-field-middle-name-1_69fa30f463063-label\">Deuxi\u00e8me pr\u00e9nom<\/label><input type=\"text\" name=\"name-1-middle-name\" placeholder=\"Par exemple\u00a0: Dupont\" id=\"forminator-field-middle-name-1_69fa30f463063\" class=\"forminator-input\" aria-required=\"false\" data-multi=\"1\" value=\"\" \/><\/div><\/div><div class=\"forminator-col forminator-col-md-6\"><div class=\"forminator-field\"><label for=\"forminator-field-last-name-1_69fa30f463063\" class=\"forminator-label\" id=\"forminator-field-last-name-1_69fa30f463063-label\">Nom de famille <span class=\"forminator-required\">*<\/span><\/label><input type=\"text\" name=\"name-1-last-name\" placeholder=\"Par exemple\u00a0: Durand\" id=\"forminator-field-last-name-1_69fa30f463063\" class=\"forminator-input\" aria-required=\"true\" data-multi=\"1\" value=\"\" \/><\/div><\/div><\/div><\/div><\/div><div class=\"forminator-row\"><div id=\"text-1\" class=\"forminator-field-text forminator-col forminator-col-12 \"><div class=\"forminator-field\"><label for=\"forminator-field-text-1_69fa30f463063\" class=\"forminator-label\" id=\"forminator-field-text-1_69fa30f463063-label\">Nom d\u2019utilisateur <span class=\"forminator-required\">*<\/span><\/label><input type=\"text\" name=\"text-1\" value=\"\" placeholder=\"Enter username\" id=\"forminator-field-text-1_69fa30f463063\" class=\"forminator-input forminator-name--field\" data-required=\"true\" \/><\/div><\/div><\/div><div class=\"forminator-row\"><div id=\"name-2\" class=\"forminator-field-name forminator-col forminator-col-12 \"><div class=\"forminator-field\"><label for=\"forminator-field-name-2_69fa30f463063\" class=\"forminator-label\" id=\"forminator-field-name-2_69fa30f463063-label\">Pays de r\u00e9sidence <span class=\"forminator-required\">*<\/span><\/label><input type=\"text\" name=\"name-2\" value=\"\" placeholder=\"Par exemple\u00a0: Cameroun\" id=\"forminator-field-name-2_69fa30f463063\" class=\"forminator-input forminator-name--field\" aria-required=\"true\" \/><\/div><\/div><\/div><div class=\"forminator-row\"><div id=\"email-1\" class=\"forminator-field-email forminator-col forminator-col-12 \"><div class=\"forminator-field\"><label for=\"forminator-field-email-1_69fa30f463063\" class=\"forminator-label\" id=\"forminator-field-email-1_69fa30f463063-label\">E-mail <span class=\"forminator-required\">*<\/span><\/label><input type=\"email\" name=\"email-1\" value=\"\" placeholder=\"Par exemple\u00a0: jacques@martin.com\" id=\"forminator-field-email-1_69fa30f463063\" class=\"forminator-input forminator-email--field\" data-required=\"true\" aria-required=\"true\" \/><\/div><\/div><\/div><div class=\"forminator-row\"><div id=\"phone-1\" class=\"forminator-field-phone forminator-col forminator-col-12 \"><div class=\"forminator-field\"><label for=\"forminator-field-phone-1_69fa30f463063\" class=\"forminator-label\" id=\"forminator-field-phone-1_69fa30f463063-label\">T\u00e9l\u00e9phone <span class=\"forminator-required\">*<\/span><\/label><input type=\"text\" name=\"phone-1\" value=\"\" placeholder=\"Par exemple\u00a0: +237 02 03 05 06\" id=\"forminator-field-phone-1_69fa30f463063\" class=\"forminator-input forminator-field--phone\" data-required=\"1\" aria-required=\"true\" autocomplete=\"off\" data-national_mode=\"disabled\" data-country=\"cm\" data-validation=\"international\" \/><\/div><\/div><\/div><div class=\"forminator-row\"><div id=\"password-1\" class=\"forminator-field-password forminator-col forminator-col-12 \"><div class=\"forminator-field\"><label for=\"forminator-field-password-1_69fa30f463063\" class=\"forminator-label\" id=\"forminator-field-password-1_69fa30f463063-label\">Mot de passe <span class=\"forminator-required\">*<\/span><\/label><input name=\"password-1\" value=\"\" placeholder=\"Saisissez votre mot de passe\" id=\"forminator-field-password-1_69fa30f463063\" class=\"forminator-input forminator-name--field\" data-required=\"true\" type=\"password\" \/><\/div><\/div><\/div><div class=\"forminator-row\"><div id=\"textarea-1\" class=\"forminator-field-textarea forminator-col forminator-col-12 \"><div class=\"forminator-field\"><label for=\"forminator-field-textarea-1_69fa30f463063\" id=\"forminator-field-textarea-1_69fa30f463063-label\" class=\"forminator-label\">Affiliations des auteurs <span class=\"forminator-required\">*<\/span><\/label><textarea name=\"textarea-1\" placeholder=\"Indiquer l&#039;affiliation de tous les auteurs\" id=\"forminator-field-textarea-1_69fa30f463063\" class=\"forminator-textarea\" rows=\"6\" style=\"min-height:140px;\" ><\/textarea><\/div><\/div><\/div><div class=\"forminator-row\"><div id=\"name-3\" class=\"forminator-field-name forminator-col forminator-col-6 \"><div class=\"forminator-field\"><label for=\"forminator-field-name-3_69fa30f463063\" class=\"forminator-label\" id=\"forminator-field-name-3_69fa30f463063-label\">Auteur correspondant <span class=\"forminator-required\">*<\/span><\/label><input type=\"text\" name=\"name-3\" value=\"\" placeholder=\"Par exemple\u00a0: Pefura-Yone Eric Walter\" id=\"forminator-field-name-3_69fa30f463063\" class=\"forminator-input forminator-name--field\" aria-required=\"true\" aria-describedby=\"forminator-field-name-3_69fa30f463063-description\" \/><span id=\"forminator-field-name-3_69fa30f463063-description\" class=\"forminator-description\">Indiquer le nom de l'auteur correspondant<\/span><\/div><\/div><div id=\"email-2\" class=\"forminator-field-email forminator-col forminator-col-6 \"><div class=\"forminator-field\"><label for=\"forminator-field-email-2_69fa30f463063\" class=\"forminator-label\" id=\"forminator-field-email-2_69fa30f463063-label\">E-mail de l&#039;auteur correspondant <span class=\"forminator-required\">*<\/span><\/label><input type=\"email\" name=\"email-2\" value=\"\" placeholder=\"Par exemple\u00a0: jacques@martin.com\" id=\"forminator-field-email-2_69fa30f463063\" class=\"forminator-input forminator-email--field\" data-required=\"1\" aria-required=\"true\" aria-describedby=\"forminator-field-email-2_69fa30f463063-description\" \/><span id=\"forminator-field-email-2_69fa30f463063-description\" class=\"forminator-description\">Indiquer l&#039;email de l&#039;auteur correspondant<\/span><\/div><\/div><\/div><div class=\"forminator-row\"><div id=\"textarea-2\" class=\"forminator-field-textarea forminator-col forminator-col-12 \"><div class=\"forminator-field\"><div class=\"forminator-field--label\"><label for=\"forminator-wp-editor-forminator-field-textarea-2_69fa30f463063\" id=\"forminator-label-forminator-field-textarea-2_69fa30f463063\" class=\"forminator-label\">Resum\u00e9 <span class=\"forminator-required\">*<\/span><\/label><\/div><div id=\"wp-forminator-wp-editor-forminator-field-textarea-2_69fa30f463063-wrap\" class=\"wp-core-ui wp-editor-wrap tmce-active\"><link rel='stylesheet' id='dashicons-css' href='https:\/\/journal.saplf.net\/wp-includes\/css\/dashicons.min.css?ver=6.4.8' media='all' \/>\n<link rel='stylesheet' id='editor-buttons-css' href='https:\/\/journal.saplf.net\/wp-includes\/css\/editor.min.css?ver=6.4.8' media='all' \/>\n<div id=\"wp-forminator-wp-editor-forminator-field-textarea-2_69fa30f463063-editor-tools\" class=\"wp-editor-tools hide-if-no-js\"><div class=\"wp-editor-tabs\"><button type=\"button\" id=\"forminator-wp-editor-forminator-field-textarea-2_69fa30f463063-tmce\" class=\"wp-switch-editor switch-tmce\" data-wp-editor-id=\"forminator-wp-editor-forminator-field-textarea-2_69fa30f463063\">Visuel<\/button>\n<button type=\"button\" id=\"forminator-wp-editor-forminator-field-textarea-2_69fa30f463063-html\" class=\"wp-switch-editor switch-html\" data-wp-editor-id=\"forminator-wp-editor-forminator-field-textarea-2_69fa30f463063\">Texte<\/button>\n<\/div>\n<\/div>\n<div id=\"wp-forminator-wp-editor-forminator-field-textarea-2_69fa30f463063-editor-container\" class=\"wp-editor-container\"><div id=\"qt_forminator-wp-editor-forminator-field-textarea-2_69fa30f463063_toolbar\" class=\"quicktags-toolbar hide-if-no-js\"><\/div><textarea class=\"forminator-textarea do-validate forminator-wp-editor-required wp-editor-area\" style=\"height: 140px\" autocomplete=\"off\" cols=\"40\" name=\"textarea-2\" id=\"forminator-wp-editor-forminator-field-textarea-2_69fa30f463063\"><\/textarea><\/div>\n<\/div>\n\n<span id=\"forminator-wp-editor-forminator-field-textarea-2_69fa30f463063-description\" class=\"forminator-description\">Entrez votre resum\u00e9 en Fran\u00e7ais ici<span data-limit=\"250\" data-type=\"words\">0 \/ 250<\/span><\/span><\/div><\/div><\/div><div class=\"forminator-row\"><div id=\"textarea-3\" class=\"forminator-field-textarea forminator-col forminator-col-12 \"><div class=\"forminator-field\"><div class=\"forminator-field--label\"><label for=\"forminator-wp-editor-forminator-field-textarea-3_69fa30f463063\" id=\"forminator-label-forminator-field-textarea-3_69fa30f463063\" class=\"forminator-label\">Abstract <span class=\"forminator-required\">*<\/span><\/label><\/div><div id=\"wp-forminator-wp-editor-forminator-field-textarea-3_69fa30f463063-wrap\" class=\"wp-core-ui wp-editor-wrap tmce-active\"><div id=\"wp-forminator-wp-editor-forminator-field-textarea-3_69fa30f463063-editor-tools\" class=\"wp-editor-tools hide-if-no-js\"><div class=\"wp-editor-tabs\"><button type=\"button\" id=\"forminator-wp-editor-forminator-field-textarea-3_69fa30f463063-tmce\" class=\"wp-switch-editor switch-tmce\" data-wp-editor-id=\"forminator-wp-editor-forminator-field-textarea-3_69fa30f463063\">Visuel<\/button>\n<button type=\"button\" id=\"forminator-wp-editor-forminator-field-textarea-3_69fa30f463063-html\" class=\"wp-switch-editor switch-html\" data-wp-editor-id=\"forminator-wp-editor-forminator-field-textarea-3_69fa30f463063\">Texte<\/button>\n<\/div>\n<\/div>\n<div id=\"wp-forminator-wp-editor-forminator-field-textarea-3_69fa30f463063-editor-container\" class=\"wp-editor-container\"><div id=\"qt_forminator-wp-editor-forminator-field-textarea-3_69fa30f463063_toolbar\" class=\"quicktags-toolbar hide-if-no-js\"><\/div><textarea class=\"forminator-textarea do-validate forminator-wp-editor-required wp-editor-area\" style=\"height: 140px\" autocomplete=\"off\" cols=\"40\" name=\"textarea-3\" id=\"forminator-wp-editor-forminator-field-textarea-3_69fa30f463063\"><\/textarea><\/div>\n<\/div>\n\n<span id=\"forminator-wp-editor-forminator-field-textarea-3_69fa30f463063-description\" class=\"forminator-description\">Entrez votre resum\u00e9 en anglais ici<span data-limit=\"250\" data-type=\"words\">0 \/ 250<\/span><\/span><\/div><\/div><\/div><div class=\"forminator-row\"><div id=\"upload-1\" class=\"forminator-field-upload forminator-col forminator-col-12 \"><div class=\"forminator-field\"><label for=\"forminator-field-upload-1_69fa30f463063\" class=\"forminator-label\">Manuscrit principal (word ou pdf) <span class=\"forminator-required\">*<\/span><\/label><div class=\"forminator-file-upload \" data-element=\"upload-1_69fa30f463063\" aria-describedby=\"forminator-field-upload-1_69fa30f463063-description\"><input type=\"file\" name=\"upload-1\" id=\"forminator-field-upload-1_69fa30f463063\" class=\"forminator-input-file-required do-validate\" accept=\".webp,.css,.htm,.html,.dfxp,.js,.doc,.docx,.odt,.pages,.pdf\"><button id=\"forminator-field-upload-1_69fa30f463063_button\" class=\"forminator-button forminator-button-upload\" data-id=\"forminator-field-upload-1_69fa30f463063\">Choisissez un fichier<\/button><span data-empty-text=\"Aucun fichier s\u00e9lectionn\u00e9\">Aucun fichier s\u00e9lectionn\u00e9<\/span><button class=\"forminator-button-delete\" style=\"display: none;\"><i class=\"forminator-icon-close\" aria-hidden=\"true\"><\/i><span class=\"forminator-screen-reader-only\">Supprimer le fichier t\u00e9l\u00e9vers\u00e9<\/span><\/button><\/div><span id=\"forminator-field-upload-1_69fa30f463063-description\" class=\"forminator-description\">T\u00e9leverser votre manuscrit contenant le texte principal, les tableaux et les figures. Taille maximale 5 MB<\/span><\/div><\/div><\/div><div class=\"forminator-row\"><div id=\"upload-2\" class=\"forminator-field-upload forminator-col forminator-col-12 \"><div class=\"forminator-field\"><label for=\"forminator-field-upload-2_69fa30f463063\" class=\"forminator-label\">Fichiers additionnels <span class=\"forminator-required\">*<\/span><\/label><div class=\"forminator-multi-upload \" data-element=\"upload-2_69fa30f463063\" aria-describedby=\"forminator-field-upload-2_69fa30f463063-description\"><input type=\"file\" name=\"upload-2[]\" id=\"forminator-field-upload-2_69fa30f463063\" class=\"forminator-input-file-required do-validate forminator-field-upload-2_69fa30f463063-86\" multiple=\"multiple\" data-method=\"ajax\" accept=\".webp,.css,.htm,.html,.dfxp,.js,.doc,.docx,.odt,.pages,.pdf,.jpg,.jpeg,.jpe,.gif,.png,.bmp,.tiff,.tif,.ico,.psd,.xcf,.heic,.pot,.pps,.ppt,.wri,.mdb,.mpp,.docm,.dotx,.dotm,.onetoc,.onetoc2,.onetmp,.onepkg,.odp,.odg,.odc,.odb,.odf,.wp,.wpd,.oxps,.xps,.mp3,.m4a,.m4b,.ra,.ram,.wav,.ogg,.oga,.mid,.midi,.wma,.wax,.mka,.aac,.flac,.asf,.asx,.wmv,.wmx,.wm,.avi,.divx,.flv,.mov,.qt,.mpeg,.mpg,.mpe,.mp4,.m4v,.ogv,.webm,.mkv,.3gp,.3gpp,.3g2,.3gp2,.tar,.zip,.gz,.gzip,.rar,.7z,.txt,.asc,.c,.cc,.h,.srt,.csv,.tsv,.ics,.rtx,.rtf,.vtt,.xla,.xls,.xlt,.xlw,.xlsx,.xlsm,.xlsb,.xltx,.xltm,.xlam,.ods,.numbers,.class,.key,.pptx,.pptm,.ppsx,.ppsm,.potx,.potm,.ppam,.sldx,.sldm\" data-size=\"50000000\" data-size-message=\"Maximum file size allowed is 50 MB. \" data-filetype=\"webp|css|htm|html|dfxp|js|doc|docx|odt|pages|pdf|jpg|jpeg|jpe|gif|png|bmp|tiff|tif|ico|psd|xcf|heic|pot|pps|ppt|wri|mdb|mpp|docm|dotx|dotm|onetoc|onetoc2|onetmp|onepkg|odp|odg|odc|odb|odf|wp|wpd|oxps|xps|mp3|m4a|m4b|ra|ram|wav|ogg|oga|mid|midi|wma|wax|mka|aac|flac|asf|asx|wmv|wmx|wm|avi|divx|flv|mov|qt|mpeg|mpg|mpe|mp4|m4v|ogv|webm|mkv|3gp|3gpp|3g2|3gp2|tar|zip|gz|gzip|rar|7z|txt|asc|c|cc|h|srt|csv|tsv|ics|rtx|rtf|vtt|xla|xls|xlt|xlw|xlsx|xlsm|xlsb|xltx|xltm|xlam|ods|numbers|class|key|pptx|pptm|ppsx|ppsm|potx|potm|ppam|sldx|sldm\" data-filetype-message=\"l\u2019extension de fichier n\u2019est pas autoris\u00e9e.\"><div class=\"forminator-multi-upload-message\" aria-hidden=\"true\"><span class=\"forminator-icon-upload\" aria-hidden=\"true\"><\/span><p>Glissez et d\u00e9posez (ou) <a class=\"forminator-upload-file--forminator-field-upload-2_69fa30f463063\" href=\"javascript:void(0)\">Choisissez des fichiers<\/a><\/p><\/div><\/div><span id=\"forminator-field-upload-2_69fa30f463063-description\" class=\"forminator-description\">T\u00e9l\u00e9verser les fichiers suppl\u00e9mentaires ou additionnels ici. Au besoin proc\u00e9der \u00e0 une compression des fichiers au format zip. Taille maximale 50 MB<\/span><ul class=\"forminator-uploaded-files upload-container-upload-2_69fa30f463063\"><\/ul><\/div><\/div><\/div><input type=\"hidden\" name=\"referer_url\" value=\"\" \/><div class=\"forminator-row forminator-row-last\"><div class=\"forminator-col\"><div class=\"forminator-field\"><button class=\"forminator-button forminator-button-submit\">Soumettre votre manuscrit<\/button><\/div><\/div><\/div><input type=\"hidden\" id=\"forminator_nonce\" name=\"forminator_nonce\" value=\"f0f5c83b41\" \/><input type=\"hidden\" name=\"_wp_http_referer\" value=\"\/index.php\/wp-json\/wp\/v2\/pages\/13\" \/><input type=\"hidden\" name=\"form_id\" value=\"86\"><input type=\"hidden\" name=\"page_id\" value=\"13\"><input type=\"hidden\" name=\"form_type\" value=\"registration\"><input type=\"hidden\" name=\"current_url\" value=\"https:\/\/journal.saplf.net\/index.php\/soumission-des-manuscrits\/\"><input type=\"hidden\" name=\"render_id\" value=\"0\"><input type=\"hidden\" name=\"forminator-multifile-hidden\" class=\"forminator-multifile-hidden\"><input type=\"hidden\" name=\"action\" value=\"forminator_submit_form_custom-forms\"><\/form>\n","protected":false},"excerpt":{"rendered":"","protected":false},"author":1,"featured_media":0,"parent":0,"menu_order":0,"comment_status":"closed","ping_status":"closed","template":"","meta":{"_kad_post_transparent":"","_kad_post_title":"","_kad_post_layout":"","_kad_post_sidebar_id":"","_kad_post_content_style":"","_kad_post_vertical_padding":"","_kad_post_feature":"","_kad_post_feature_position":"","_kad_post_header":false,"_kad_post_footer":false,"footnotes":""},"_links":{"self":[{"href":"https:\/\/journal.saplf.net\/index.php\/wp-json\/wp\/v2\/pages\/13"}],"collection":[{"href":"https:\/\/journal.saplf.net\/index.php\/wp-json\/wp\/v2\/pages"}],"about":[{"href":"https:\/\/journal.saplf.net\/index.php\/wp-json\/wp\/v2\/types\/page"}],"author":[{"embeddable":true,"href":"https:\/\/journal.saplf.net\/index.php\/wp-json\/wp\/v2\/users\/1"}],"replies":[{"embeddable":true,"href":"https:\/\/journal.saplf.net\/index.php\/wp-json\/wp\/v2\/comments?post=13"}],"version-history":[{"count":6,"href":"https:\/\/journal.saplf.net\/index.php\/wp-json\/wp\/v2\/pages\/13\/revisions"}],"predecessor-version":[{"id":95,"href":"https:\/\/journal.saplf.net\/index.php\/wp-json\/wp\/v2\/pages\/13\/revisions\/95"}],"wp:attachment":[{"href":"https:\/\/journal.saplf.net\/index.php\/wp-json\/wp\/v2\/media?parent=13"}],"curies":[{"name":"wp","href":"https:\/\/api.w.org\/{rel}","templated":true}]}}