{"id":11,"date":"2024-01-21T22:29:18","date_gmt":"2024-01-21T21:29:18","guid":{"rendered":"https:\/\/journal.saplf.net\/?page_id=11"},"modified":"2024-01-22T18:27:40","modified_gmt":"2024-01-22T17:27:40","slug":"recommandations-aux-auteurs","status":"publish","type":"page","link":"https:\/\/journal.saplf.net\/index.php\/recommandations-aux-auteurs\/","title":{"rendered":"Recommandations aux auteurs"},"content":{"rendered":"\n<p><\/p>\n\n\n\n<p><a href=\"https:\/\/journal.saplf.net\/wp-content\/uploads\/2024\/01\/Recommandations-aux-auteurs_-Revue-de-Pneumologie-Tropicale-2.pdf\" target=\"_blank\" rel=\"noreferrer noopener\">PDF<\/a><\/p>\n\n\n\n<p class=\"has-theme-palette-3-color has-text-color has-link-color wp-elements-22621d086d14a132f31d8b42d36eec95\">La Revue de Pneumologie Tropicale publie, des articles originaux, des \u00e9ditoriaux, des revues g\u00e9n\u00e9rales et mises au point, des cas cliniques, des lettres \u00e0 l&rsquo;\u00e9diteur, des comptes rendus de soci\u00e9t\u00e9 savante, des analyses de livre, des recommandations pratiques.<br><strong>I- Conditions g\u00e9n\u00e9rales de publication<\/strong><br>1\u00b0) Les articles n&rsquo;engagent que la responsabilit\u00e9 de leurs auteurs. Les manuscrits des articles originaux ne doivent avoir fait l&rsquo;objet d&rsquo;aucune publication ant\u00e9rieure ni \u00eatre en cours de publication dans une autre revue.<br>2\u00b0) chaque manuscrit soumis sera examin\u00e9 par le comit\u00e9 de r\u00e9daction et par 2 experts du comit\u00e9 de lecture de fa\u00e7on anonyme.<br>3\u00b0) Les manuscrits doivent \u00eatre envoy\u00e9s par mail \u00e0 la r\u00e9daction sur l\u2019Email suivant : soumission.journal@saplf.net    OU Par soumission sur le site du journal (onglet soumission des manuscrits): https:\/\/journal.saplf.net\/<br><strong>II- Pr\u00e9sentation du manuscrit<\/strong><br>1\u00b0) La premi\u00e8re page du manuscrit Elle doit, quelle quesoit la rubrique propos\u00e9e, comporter le titre de l&rsquo;article en fran\u00e7ais et en anglais (moins de 12 mots), les initiales des pr\u00e9noms et les noms des auteurs, la d\u00e9nomination de l&rsquo;institution dans laquelle le travail a \u00e9t\u00e9 effectu\u00e9, l&rsquo;adresse compl\u00e8te (num\u00e9ro de t\u00e9l\u00e9phone, Fax, boite postale, E-mail) o\u00f9 doit \u00eatre envoy\u00e9e la correspondance.<br>2\u00b0) La deuxi\u00e8me page est r\u00e9serv\u00e9e au r\u00e9sum\u00e9, les articles originaux, les communications, les revues g\u00e9n\u00e9rales, les cas cliniques et les m\u00e9moires doivent \u00eatre accompagn\u00e9s d&rsquo;un r\u00e9sum\u00e9 en fran\u00e7ais et en anglais, suivi de 3 \u00e0 4 mots-cl\u00e9s.<br>Le r\u00e9sum\u00e9 (moins de 250 mots) doit figurer sur une page \u00e0 part du reste du manuscrit et ne doit comporter ni abr\u00e9viations, ni r\u00e9f\u00e9rences. Pour les articles originaux, il doit pr\u00e9ciser les objectifs, la m\u00e9thodologie, les r\u00e9sultats et la conclusion.<br>3\u00b0) L\u2019iconographie est indiqu\u00e9e sur une feuille s\u00e9par\u00e9e du texte. Les tableaux ne doivent pas exc\u00e9der le nombre de 6 et sont num\u00e9rot\u00e9s en chiffre romain dans leur ordre de citation dans le texte, avec le titre en haut. Les tableaux ne doivent pas \u00eatre tram\u00e9s. Les figures (sch\u00e9mas, diagrammes, photos, radiographies\u2026), ne doivent pas d\u00e9passer le nombre de 4 et sont num\u00e9rot\u00e9es en chiffre arabe, et annot\u00e9es en bas.<br>4\u00b0) Les \u00e9ditoriaux sont g\u00e9n\u00e9ralement sollicit\u00e9s par la R\u00e9daction ; les manuscrits n&rsquo;exc\u00e8dent pas 4 pages (r\u00e9f\u00e9rences non comprises mais limit\u00e9es \u00e0 10).<br>5\u00b0) Les articles originaux ne doivent pas d\u00e9passer 12 pages (r\u00e9f\u00e9rences non comprises). Ils doivent n\u00e9cessairement comporter une  introduction pr\u00e9cisant clairement le but de l&rsquo;\u00e9tude un chapitre \u00ab\u00a0mat\u00e9riel et m\u00e9thode\u00a0\u00bb suivi des r\u00e9sultats, une discussion et une conclusion.<br>6\u00b0) Les revues g\u00e9n\u00e9rales peuvent \u00eatre sollicit\u00e9es par la R\u00e9daction ; le manuscrit ne doit pas d\u00e9passer 13 pages ; les r\u00e9f\u00e9rences peuvent \u00eatre exhaustives.<br>7\u00b0) Les lettres et correspondances \u00e0 la R\u00e9daction sont encourag\u00e9es. Le manuscrit est limit\u00e9 \u00e0 40 lignes, le nombre de r\u00e9f\u00e9renc\u00e9s \u00e0 5.            8\u00b0) Les cas Cliniques rapportent des observations privil\u00e9gi\u00e9es soit par leur aspect dictatique, soit par leur raret\u00e9. La pr\u00e9sentation g\u00e9n\u00e9rale doit suivre le m\u00eame plan que celui d&rsquo;un article original, mais la longueur totale ne doit pas d\u00e9passer 4 pages. Le nombre de figures et de tableaux doit donc \u00eatre en proportion. La section observation remplace les sections mat\u00e9riels, m\u00e9thodes et r\u00e9sultats. Le nombre de r\u00e9f\u00e9rences doit \u00eatre r\u00e9duit \u00e0 10.<br>9\u00b0) Les remerciements sont plac\u00e9s \u00e0 la fin du texte, avant les r\u00e9f\u00e9rences bibliographiques.<br>10\u00b0) Les r\u00e9f\u00e9rences sont celles cit\u00e9es dans la bibliographie et sont num\u00e9rot\u00e9es selon l\u2019ordre d\u2019apparition dans le texte, en chiffre arabe. Les num\u00e9ros sont s\u00e9par\u00e9s par des virgules, s\u2019il s\u2019agit de r\u00e9f\u00e9rences non cons\u00e9cutives, exemple : [3, 5, 9]. Les r\u00e9f\u00e9rences cons\u00e9cutives sont s\u00e9par\u00e9es par un trait, exemple : [3-7]. Les r\u00e9f\u00e9rences ne concernent que les travaux publi\u00e9s (y compris les r\u00e9sum\u00e9s) ou sous presse. Les communications personnelles ou les donn\u00e9es non publi\u00e9es ne figurent pas dans la liste des r\u00e9f\u00e9rences mais sont mentionn\u00e9es entre parenth\u00e8ses dans le texte. Les th\u00e8ses ne figurent pas dans la liste des r\u00e9f\u00e9rences. Les titres des journaux sont abr\u00e9g\u00e9s selon l\u2019\u00ab US<br>NationalLibrary ofMedicine \u00bb (chaque ann\u00e9e dans le num\u00e9ro de janvier de l\u2019index Medicus). Les r\u00e9f\u00e9rences sont pr\u00e9sent\u00e9es strictement selon les indications suivantes :<br>\u2022 les articles d\u2019un p\u00e9riodique : le nom des auteurs, le titre de l\u2019article, le nom du p\u00e9riodique, ann\u00e9e volume, 1\u00e8re et derni\u00e8re page. Exemple : Vergier B, Rivel J, De Mascarel A, VIital A. Les lymphomes malins non hodgkiniens primitifs du syst\u00e8me nerveux central. Analyse anatomo-clinique de 35 cas. Ann Pathol 1990 ; 10: 268-74.<br>\u2022 Suppl\u00e9ment d\u2019un p\u00e9riodique : idem ci-dessus et ajouter : suppl. suivi de la r\u00e9f\u00e9rence.<br>\u2022 Livre : Nom des auteurs, titre nom du livre, Editeur, Ann\u00e9e. Exemple : Talbot IC, Prince AB. Biopsy pathology in colorectal disease. London : Chapman and Hall, 1987.<br>\u2022 Chapitre d\u2019un livre : Nom des auteurs du chapitre, son titre In : nom des auteurs du livre, son titre, Editeur, Ann\u00e9e. Exemple : Rolfes DB. Fibrolamellar carcinoma of the liver. In: Okuda K, Ishak K.G, eds. Neoplasms of the liver. Tokyo: Springer-verlag, 1987.<br>\u2022 Publication des comptes rendus de congr\u00e8s : Nom des auteurs, titre. In : Nom du Congr\u00e8s, Ann\u00e9e, Pages.<br><strong>III- En cas d&rsquo;acceptation du manuscrit <\/strong>                                                                                                                                                                             Une \u00e9preuve est envoy\u00e9e \u00e0 l&rsquo;auteur. Elle doit \u00eatre corrig\u00e9e et renvoy\u00e9e dans un bref d\u00e9lai. Un d\u00e9lai plus important aura pour cons\u00e9quence un retard de publication. Les modifications des \u00e9preuves doivent \u00eatre strictement limit\u00e9es aux erreurs typographiques. Nota \u2013 Bene : Pour chaque article accept\u00e9, l\u2019(es) auteur(s) devra (ont) s\u2019acquitter des frais de publication dans la revue.<\/p>\n\n\n\n<p><\/p>\n","protected":false},"excerpt":{"rendered":"<p>PDF La Revue de Pneumologie Tropicale publie, des articles originaux, des \u00e9ditoriaux, des revues g\u00e9n\u00e9rales et mises au point, des cas cliniques, des lettres \u00e0 l&rsquo;\u00e9diteur, des comptes rendus de soci\u00e9t\u00e9 savante, des analyses de livre, des recommandations pratiques.I- Conditions g\u00e9n\u00e9rales de publication1\u00b0) Les articles n&rsquo;engagent que la responsabilit\u00e9 de leurs auteurs. Les manuscrits des&#8230;<\/p>\n","protected":false},"author":1,"featured_media":0,"parent":0,"menu_order":0,"comment_status":"closed","ping_status":"closed","template":"","meta":{"_kad_post_transparent":"","_kad_post_title":"","_kad_post_layout":"","_kad_post_sidebar_id":"","_kad_post_content_style":"","_kad_post_vertical_padding":"","_kad_post_feature":"","_kad_post_feature_position":"","_kad_post_header":false,"_kad_post_footer":false,"footnotes":""},"_links":{"self":[{"href":"https:\/\/journal.saplf.net\/index.php\/wp-json\/wp\/v2\/pages\/11"}],"collection":[{"href":"https:\/\/journal.saplf.net\/index.php\/wp-json\/wp\/v2\/pages"}],"about":[{"href":"https:\/\/journal.saplf.net\/index.php\/wp-json\/wp\/v2\/types\/page"}],"author":[{"embeddable":true,"href":"https:\/\/journal.saplf.net\/index.php\/wp-json\/wp\/v2\/users\/1"}],"replies":[{"embeddable":true,"href":"https:\/\/journal.saplf.net\/index.php\/wp-json\/wp\/v2\/comments?post=11"}],"version-history":[{"count":9,"href":"https:\/\/journal.saplf.net\/index.php\/wp-json\/wp\/v2\/pages\/11\/revisions"}],"predecessor-version":[{"id":101,"href":"https:\/\/journal.saplf.net\/index.php\/wp-json\/wp\/v2\/pages\/11\/revisions\/101"}],"wp:attachment":[{"href":"https:\/\/journal.saplf.net\/index.php\/wp-json\/wp\/v2\/media?parent=11"}],"curies":[{"name":"wp","href":"https:\/\/api.w.org\/{rel}","templated":true}]}}